{"id":230,"date":"2017-10-10T12:32:23","date_gmt":"2017-10-10T10:32:23","guid":{"rendered":"http:\/\/www.sellagiudicarieservizielettrici.it\/?page_id=230"},"modified":"2017-12-06T11:14:17","modified_gmt":"2017-12-06T10:14:17","slug":"informativa-ai-clienti-mt-art-37-6-d-tiqe","status":"publish","type":"page","link":"http:\/\/www.sellagiudicarieservizielettrici.it\/?page_id=230","title":{"rendered":"Informativa ai clienti MT (art. 37.6 d TIQE)"},"content":{"rendered":"<div class=\"nolwrap\"><p>Al fine di ridurre il peso della bolletta di energia elettrica gli utenti MT possono adeguare il proprio impianto elettrico di media tensione in base alle disposizioni previste dalle delibere 333\/07 e 33\/08. Cos\u00ec facendo non sar\u00e0 addebitata in bolletta la componente tariffaria CTS (corrispettivo tariffario specifico) e potr\u00e0 essere erogato un indennizzo in caso di troppe interruzioni lunghe del servizio elettrico (superiori a 3 minuti). In questo modo ciascuna azienda, facendo il proprio interesse, potr\u00e0 contribuire a migliorare il sistema di distribuzione dell&#8217;energia elettrica.<br \/>\nPer adeguarsi \u00e8 necessario far verificare l&#8217; impianto da un&#8217;impresa installatrice abilitata secondo il Decreto 37 del 2008 (ex Legge 46\/90) o da un professionista iscritto all&#8217;albo professionale o dal responsabile interno dell&#8217;ufficio tecnico della stessa azienda. Una volta eseguiti eventuali lavori di adeguamento, occorre inviare la Dichiarazione di Adeguatezza al seguente indirizzo:<\/p>\n<p><b>Comune di Sella Giudicarie &#8211; Servizi Elettrici &#8211; PIAZZA CESARE BATTISTI, 1, Sella Giudicarie (TN) 38087<\/b><\/p>\n<p>Con riferimento alla Delibera 333\/07 (allegato A), qualora l&#8217;utente MT non abbia adeguato i propri impianti ai requisiti tecnici di cui all&#8217;articolo 35, non avr\u00e0 diritto agli indennizzi automatici di cui al comma 34.5 per il numero annuo di interruzioni senza preavviso lunghe eccedenti gli standard specifici di cui all&#8217;articolo 33 e ai rimborsi per interruzioni prolungate di cui all&#8217;articolo 45 eccedenti gli standard specifici di cui all&#8217;articolo 44.<br \/>\nI clienti finali e altre utenze MT possono richiedere all&#8217;impresa distributrice, anche tramite il proprio venditore, la misurazione individuale della qualit\u00e0 della tensione sul punto di consegna e la stipula di contratti per la qualit\u00e0 (Titolo 8 del TIQE)<\/p>\n<p><strong>Link utili:<\/strong><\/p>\n<ul>\n<li><a href=\"http:\/\/www.autorita.energia.it\/docs\/07\/333-07.htm\" target=\"_blank\" rel=\"noopener\"><strong>Del. 333\/07 AEEG (TIQE) &#8211; link esterno<\/strong><\/a><\/li>\n<li><strong><a href=\"https:\/\/www.autorita.energia.it\/it\/docs\/08\/033-08arg.htm\">Del. 33\/08 AEEG &#8211; link estern0<\/a><\/strong><\/li>\n<li><a href=\"https:\/\/www.autorita.energia.it\/it\/docs\/08\/119-08arg.htm\" target=\"_blank\" rel=\"noopener\"><strong>Del. 119\/08 AEEG &#8211; link esterno<\/strong><\/a><\/li>\n<li><a href=\"http:\/\/www.sellagiudicarieservizielettrici.it\/wp-content\/uploads\/2017\/10\/CTS_esempio.pdf\" target=\"_blank\" rel=\"noopener\"><strong>Qualificazione corrispettivo CTS\u00a0 &#8211; esempio<\/strong><\/a> <img loading=\"lazy\" decoding=\"async\" class=\"alignnone wp-image-137 size-full\" src=\"http:\/\/www.sellagiudicarieservizielettrici.it\/wp-content\/uploads\/2017\/10\/pdf-file-format-symbol.png\" alt=\"\" width=\"24\" height=\"24\" \/>\u00a0(pdf, 30 kb)<\/li>\n<li><a href=\"https:\/\/www.autorita.energia.it\/it\/impiantimt.htm\" target=\"_blank\" rel=\"noopener\"><strong>Info Consumatori AEEG<\/strong><\/a><\/li>\n<\/ul>\n<\/div>","protected":false},"excerpt":{"rendered":"<p>Al fine di ridurre il peso della bolletta di energia elettrica gli utenti MT possono adeguare il proprio impianto elettrico di media tensione in base alle disposizioni previste dalle delibere 333\/07 e 33\/08. Cos\u00ec facendo non sar\u00e0 addebitata in bolletta <a href=\"http:\/\/www.sellagiudicarieservizielettrici.it\/?page_id=230\" class=\"read-more\">Continua la lettura &#8230;<\/a><\/p>\n","protected":false},"author":1,"featured_media":0,"parent":185,"menu_order":0,"comment_status":"closed","ping_status":"closed","template":"","meta":{"footnotes":"","_links_to":"","_links_to_target":""},"class_list":["post-230","page","type-page","status-publish","hentry"],"_links":{"self":[{"href":"http:\/\/www.sellagiudicarieservizielettrici.it\/index.php?rest_route=\/wp\/v2\/pages\/230"}],"collection":[{"href":"http:\/\/www.sellagiudicarieservizielettrici.it\/index.php?rest_route=\/wp\/v2\/pages"}],"about":[{"href":"http:\/\/www.sellagiudicarieservizielettrici.it\/index.php?rest_route=\/wp\/v2\/types\/page"}],"author":[{"embeddable":true,"href":"http:\/\/www.sellagiudicarieservizielettrici.it\/index.php?rest_route=\/wp\/v2\/users\/1"}],"replies":[{"embeddable":true,"href":"http:\/\/www.sellagiudicarieservizielettrici.it\/index.php?rest_route=%2Fwp%2Fv2%2Fcomments&post=230"}],"version-history":[{"count":0,"href":"http:\/\/www.sellagiudicarieservizielettrici.it\/index.php?rest_route=\/wp\/v2\/pages\/230\/revisions"}],"up":[{"embeddable":true,"href":"http:\/\/www.sellagiudicarieservizielettrici.it\/index.php?rest_route=\/wp\/v2\/pages\/185"}],"wp:attachment":[{"href":"http:\/\/www.sellagiudicarieservizielettrici.it\/index.php?rest_route=%2Fwp%2Fv2%2Fmedia&parent=230"}],"curies":[{"name":"wp","href":"https:\/\/api.w.org\/{rel}","templated":true}]}}